{"id":1251,"date":"2016-02-12T08:09:36","date_gmt":"2016-02-12T08:09:36","guid":{"rendered":"http:\/\/demos.famethemes.com\/onepress\/?page_id=17"},"modified":"2025-03-25T13:48:46","modified_gmt":"2025-03-25T12:48:46","slug":"evenements-entrainements","status":"publish","type":"page","link":"https:\/\/krakensbaseball.fr\/index.php\/evenements-entrainements\/","title":{"rendered":""},"content":{"rendered":"\n<p>&nbsp;<\/p>\n\n\n\n<p class=\"has-text-align-center\"><strong>Venez nous rendre visite lors de nos prochains \u00e9v\u00e9nements et d\u00e9couvrez le Baseball \/ Softball.<\/strong><\/p>\n\n\n<div class=\"mec-wrap mec-skin-grid-container  \" id=\"mec_skin_1396\">\r\n\r\n    \r\n        <div class=\"mec-skin-grid-events-container\" id=\"mec_skin_events_1396\">\r\n        Aucun \u00e9v\u00e9nement trouv\u00e9 !    <\/div>\r\n    \r\n    \r\n<\/div>\r\n\n\n\n\n<hr class=\"wp-block-separator has-text-color has-luminous-vivid-orange-color has-alpha-channel-opacity has-luminous-vivid-orange-background-color has-background is-style-wide\"\/>\n\n\n\n<p class=\"has-text-align-center\"><strong>Entra\u00eenements \u00e0 venir. Pendant la p\u00e9riode hivernale et en cas de pluie, retrouvez nous en salle \u00e0 Pordic.<\/strong><\/p>\n\n\n<div class=\"mec-wrap mec-skin-grid-container  \" id=\"mec_skin_1295\">\r\n\r\n    \r\n            <div class=\"mec-skin-grid-events-container\" id=\"mec_skin_events_1295\">\r\n        <div class=\"mec-wrap colorskin-custom\">\r\n    <div class=\"mec-event-grid-modern\" data-widget-autoplay=\"1\" data-widget-loop=\"1\" data-widget-autoplay-time=\"3000\">\r\n        <div class=\"row\"><div class=\"col-md-4 col-sm-4\"><article class=\"mec-past-event mec-event-article mec-clear  \" itemscope>                    <div class=\"event-grid-modern-head clearfix\">\r\n                                    <div class=\"mec-event-date\">15<\/div>\r\n                    <div class=\"mec-event-month\">avril<\/div>\r\n                                <div class=\"mec-event-detail\">\r\n                    <div class=\"mec-event-loc-place\"><i class=\"mec-sl-location-pin\"><\/i>Complexe Sportif &quot;Louis Auffray&quot;<\/div>                                                                            <\/div>\r\n                <div class=\"mec-event-day\">mercredi<\/div>\r\n            <\/div>\r\n            <div class=\"mec-event-content\">\r\n                                <h4 class=\"mec-event-title\"><a class=\"mec-color-hover\" data-event-id=\"1674\" href=\"https:\/\/krakensbaseball.fr\/index.php\/events\/entrainement-jeunes-6-a-9-ans\/\" target=\"_self\" rel=\"noopener\">Entra\u00eenement Jeunes 6 \u00e0 9 ans<\/a><span class=\"event-color\" style=\"background: #00a0d2\"><\/span><\/h4>\r\n                                                <p class=\"mec-grid-event-location\"><\/p>\r\n                            <\/div>\r\n            <div class=\"mec-event-footer\">\r\n                <a class=\"mec-booking-button\" data-event-id=\"1674\" href=\"https:\/\/krakensbaseball.fr\/index.php\/events\/entrainement-jeunes-6-a-9-ans\/\" target=\"_self\" rel=\"noopener\">Voir le d\u00e9tail<\/a>                                                <ul class=\"mec-event-sharing-wrap\">\r\n                    <li class=\"mec-event-share\">\r\n                        <a href=\"#\" class=\"mec-event-share-icon\">\r\n                            <i class=\"mec-sl-share\" title=\"Share\" alt=\"Share\"><\/i>\r\n                        <\/a>\r\n                    <\/li>\r\n                    <li>\r\n                        <ul class=\"mec-event-sharing\">\r\n                            <li class=\"mec-event-social-icon\"><a class=\"facebook\" href=\"https:\/\/www.facebook.com\/sharer\/sharer.php?u=https%3A%2F%2Fkrakensbaseball.fr%2Findex.php%2Fevents%2Fentrainement-jeunes-6-a-9-ans%2F\" onclick=\"javascript:window.open(this.href, '', 'menubar=no,toolbar=no,resizable=yes,scrollbars=yes,height=500,width=600'); return false;\" target=\"_blank\" title=\"Partager sur Facebook\"><i class=\"mec-fa-facebook\"><\/i><span class=\"mec-social-title\">Facebook<\/span><\/a><\/li>                        <\/ul>\r\n                    <\/li>\r\n                <\/ul>\r\n                            <\/div>\r\n        <\/article><\/div>        <div class=\"col-md-4 col-sm-4\"><article class=\"mec-past-event mec-event-article mec-clear  \" itemscope>                    <div class=\"event-grid-modern-head clearfix\">\r\n                                    <div class=\"mec-event-date\">15<\/div>\r\n                    <div class=\"mec-event-month\">avril<\/div>\r\n                                <div class=\"mec-event-detail\">\r\n                    <div class=\"mec-event-loc-place\"><i class=\"mec-sl-location-pin\"><\/i>Complexe Sportif &quot;Louis Auffray&quot;<\/div>                                                                            <\/div>\r\n                <div class=\"mec-event-day\">mercredi<\/div>\r\n            <\/div>\r\n            <div class=\"mec-event-content\">\r\n                                <h4 class=\"mec-event-title\"><a class=\"mec-color-hover\" data-event-id=\"1675\" href=\"https:\/\/krakensbaseball.fr\/index.php\/events\/entrainement-jeunes-de-9-a-14-ans\/\" target=\"_self\" rel=\"noopener\">Entra\u00eenement Jeunes de 9 \u00e0 14 ans<\/a><span class=\"event-color\" style=\"background: #8224e3\"><\/span><\/h4>\r\n                                                <p class=\"mec-grid-event-location\"><\/p>\r\n                            <\/div>\r\n            <div class=\"mec-event-footer\">\r\n                <a class=\"mec-booking-button\" data-event-id=\"1675\" href=\"https:\/\/krakensbaseball.fr\/index.php\/events\/entrainement-jeunes-de-9-a-14-ans\/\" target=\"_self\" rel=\"noopener\">Voir le d\u00e9tail<\/a>                                                <ul class=\"mec-event-sharing-wrap\">\r\n                    <li class=\"mec-event-share\">\r\n                        <a href=\"#\" class=\"mec-event-share-icon\">\r\n                            <i class=\"mec-sl-share\" title=\"Share\" alt=\"Share\"><\/i>\r\n                        <\/a>\r\n                    <\/li>\r\n                    <li>\r\n                        <ul class=\"mec-event-sharing\">\r\n                            <li class=\"mec-event-social-icon\"><a class=\"facebook\" href=\"https:\/\/www.facebook.com\/sharer\/sharer.php?u=https%3A%2F%2Fkrakensbaseball.fr%2Findex.php%2Fevents%2Fentrainement-jeunes-de-9-a-14-ans%2F\" onclick=\"javascript:window.open(this.href, '', 'menubar=no,toolbar=no,resizable=yes,scrollbars=yes,height=500,width=600'); return false;\" target=\"_blank\" title=\"Partager sur Facebook\"><i class=\"mec-fa-facebook\"><\/i><span class=\"mec-social-title\">Facebook<\/span><\/a><\/li>                        <\/ul>\r\n                    <\/li>\r\n                <\/ul>\r\n                            <\/div>\r\n        <\/article><\/div>                <div class=\"col-md-4 col-sm-4\"><article class=\"mec-past-event mec-event-article mec-clear  \" itemscope>                    <div class=\"event-grid-modern-head clearfix\">\r\n                                    <div class=\"mec-event-date\">16<\/div>\r\n                    <div class=\"mec-event-month\">avril<\/div>\r\n                                <div class=\"mec-event-detail\">\r\n                    <div class=\"mec-event-loc-place\"><i class=\"mec-sl-location-pin\"><\/i>Terrain des Sports TREMELOIR<\/div>                                                                            <\/div>\r\n                <div class=\"mec-event-day\">jeudi<\/div>\r\n            <\/div>\r\n            <div class=\"mec-event-content\">\r\n                                <h4 class=\"mec-event-title\"><a class=\"mec-color-hover\" data-event-id=\"1366\" href=\"https:\/\/krakensbaseball.fr\/index.php\/events\/entrainement-senior\/\" target=\"_self\" rel=\"noopener\">Entra\u00eenement Ado\/Seniors<\/a><span class=\"event-color\" style=\"background: #fca737\"><\/span><\/h4>\r\n                                                <p class=\"mec-grid-event-location\"><\/p>\r\n                            <\/div>\r\n            <div class=\"mec-event-footer\">\r\n                <a class=\"mec-booking-button\" data-event-id=\"1366\" href=\"https:\/\/krakensbaseball.fr\/index.php\/events\/entrainement-senior\/\" target=\"_self\" rel=\"noopener\">Voir le d\u00e9tail<\/a>                                                <ul class=\"mec-event-sharing-wrap\">\r\n                    <li class=\"mec-event-share\">\r\n                        <a href=\"#\" class=\"mec-event-share-icon\">\r\n                            <i class=\"mec-sl-share\" title=\"Share\" alt=\"Share\"><\/i>\r\n                        <\/a>\r\n                    <\/li>\r\n                    <li>\r\n                        <ul class=\"mec-event-sharing\">\r\n                            <li class=\"mec-event-social-icon\"><a class=\"facebook\" href=\"https:\/\/www.facebook.com\/sharer\/sharer.php?u=https%3A%2F%2Fkrakensbaseball.fr%2Findex.php%2Fevents%2Fentrainement-senior%2F\" onclick=\"javascript:window.open(this.href, '', 'menubar=no,toolbar=no,resizable=yes,scrollbars=yes,height=500,width=600'); return false;\" target=\"_blank\" title=\"Partager sur Facebook\"><i class=\"mec-fa-facebook\"><\/i><span class=\"mec-social-title\">Facebook<\/span><\/a><\/li>                        <\/ul>\r\n                    <\/li>\r\n                <\/ul>\r\n                            <\/div>\r\n        <\/article><\/div><\/div>                        \t<\/div>\r\n<\/div>\r\n\r\n    <\/div>\r\n    <div class=\"mec-skin-grid-no-events-container mec-util-hidden\" id=\"mec_skin_no_events_1295\">\r\n        Aucun \u00e9v\u00e9nement trouv\u00e9 !    <\/div>\r\n    \r\n    <div class=\"mec-load-more-wrap\">\r\n                <div tabindex=\"0\" onkeydown=\"if(event.keyCode===13){jQuery(this).trigger('click');}\" class=\"mec-load-more-button \">En savoir plus<\/div>\r\n            <\/div>\r\n<\/div>\r\n\n\n\n\n<hr class=\"wp-block-separator has-text-color has-luminous-vivid-orange-color has-alpha-channel-opacity has-luminous-vivid-orange-background-color has-background is-style-wide\"\/>\n\n\n\n<p class=\"has-text-align-center\"><strong>Les prochaines comp\u00e9titions\/ matchs amicaux. Venez encourager les Krakens !<\/strong><\/p>\n\n\n<div class=\"mec-wrap mec-skin-carousel-container  \" id=\"mec_skin_1504\">\r\n        <div class=\"mec-skin-carousel-events-container\" id=\"mec_skin_events_1504\">\r\n        Aucun \u00e9v\u00e9nement trouv\u00e9 !    <\/div>\r\n        <\/div>\n","protected":false},"excerpt":{"rendered":"<p>Nullam ut tempor eros. Donec faucibus, velit et imperdiet aliquam, lacus velit luctus urna, vitae porttitor orci libero id felis.<\/p>\n","protected":false},"author":2,"featured_media":0,"parent":0,"menu_order":0,"comment_status":"closed","ping_status":"closed","template":"","meta":{"footnotes":""},"class_list":["post-1251","page","type-page","status-publish","hentry"],"_links":{"self":[{"href":"https:\/\/krakensbaseball.fr\/index.php\/wp-json\/wp\/v2\/pages\/1251","targetHints":{"allow":["GET"]}}],"collection":[{"href":"https:\/\/krakensbaseball.fr\/index.php\/wp-json\/wp\/v2\/pages"}],"about":[{"href":"https:\/\/krakensbaseball.fr\/index.php\/wp-json\/wp\/v2\/types\/page"}],"author":[{"embeddable":true,"href":"https:\/\/krakensbaseball.fr\/index.php\/wp-json\/wp\/v2\/users\/2"}],"replies":[{"embeddable":true,"href":"https:\/\/krakensbaseball.fr\/index.php\/wp-json\/wp\/v2\/comments?post=1251"}],"version-history":[{"count":24,"href":"https:\/\/krakensbaseball.fr\/index.php\/wp-json\/wp\/v2\/pages\/1251\/revisions"}],"predecessor-version":[{"id":1766,"href":"https:\/\/krakensbaseball.fr\/index.php\/wp-json\/wp\/v2\/pages\/1251\/revisions\/1766"}],"wp:attachment":[{"href":"https:\/\/krakensbaseball.fr\/index.php\/wp-json\/wp\/v2\/media?parent=1251"}],"curies":[{"name":"wp","href":"https:\/\/api.w.org\/{rel}","templated":true}]}}